{"id":154,"date":"2023-07-21T15:10:01","date_gmt":"2023-07-21T12:10:01","guid":{"rendered":"https:\/\/kennelcoriolis.fi\/?page_id=154"},"modified":"2024-09-21T18:37:31","modified_gmt":"2024-09-21T15:37:31","slug":"suunnitelmat","status":"publish","type":"page","link":"https:\/\/kennelcoriolis.fi\/index.php\/suunnitelmat\/","title":{"rendered":"Suunnitelmat"},"content":{"rendered":"\t\t<div data-elementor-type=\"wp-page\" data-elementor-id=\"154\" class=\"elementor elementor-154\">\n\t\t\t\t\t\t<section data-wpr-sticky-section=\"yes\" data-wpr-position-type=\"sticky\" data-wpr-position-offset=\"0\" data-wpr-position-location=\"top\" data-wpr-sticky-devices=\"desktop_sticky\" data-wpr-custom-breakpoints=\"active\" data-wpr-active-breakpoints=\"mobile_sticky tablet_sticky desktop_sticky\" data-wpr-z-index=\"10\" data-wpr-sticky-hide=\"\" data-wpr-replace-header=\"\" data-wpr-animation-duration=\"\" data-wpr-sticky-type=\"sticky\" class=\"elementor-section elementor-top-section elementor-element elementor-element-6671461a elementor-section-full_width wpr-sticky-section-yes she-header-yes elementor-section-height-default elementor-section-height-default wpr-particle-no wpr-jarallax-no wpr-parallax-no wpr-equal-height-no\" data-id=\"6671461a\" data-element_type=\"section\" data-e-type=\"section\" data-settings=\"{&quot;background_background&quot;:&quot;classic&quot;,&quot;transparent&quot;:&quot;yes&quot;,&quot;scroll_distance&quot;:{&quot;unit&quot;:&quot;px&quot;,&quot;size&quot;:0,&quot;sizes&quot;:[]},&quot;position_offset&quot;:0,&quot;position_offset_tablet&quot;:0,&quot;position_offset_mobile&quot;:0,&quot;transparent_on&quot;:[&quot;desktop&quot;,&quot;tablet&quot;,&quot;mobile&quot;],&quot;scroll_distance_tablet&quot;:{&quot;unit&quot;:&quot;px&quot;,&quot;size&quot;:&quot;&quot;,&quot;sizes&quot;:[]},&quot;scroll_distance_mobile&quot;:{&quot;unit&quot;:&quot;px&quot;,&quot;size&quot;:&quot;&quot;,&quot;sizes&quot;:[]},&quot;she_offset_top&quot;:{&quot;unit&quot;:&quot;px&quot;,&quot;size&quot;:0,&quot;sizes&quot;:[]},&quot;she_offset_top_tablet&quot;:{&quot;unit&quot;:&quot;px&quot;,&quot;size&quot;:&quot;&quot;,&quot;sizes&quot;:[]},&quot;she_offset_top_mobile&quot;:{&quot;unit&quot;:&quot;px&quot;,&quot;size&quot;:&quot;&quot;,&quot;sizes&quot;:[]},&quot;she_width&quot;:{&quot;unit&quot;:&quot;%&quot;,&quot;size&quot;:100,&quot;sizes&quot;:[]},&quot;she_width_tablet&quot;:{&quot;unit&quot;:&quot;px&quot;,&quot;size&quot;:&quot;&quot;,&quot;sizes&quot;:[]},&quot;she_width_mobile&quot;:{&quot;unit&quot;:&quot;px&quot;,&quot;size&quot;:&quot;&quot;,&quot;sizes&quot;:[]},&quot;she_padding&quot;:{&quot;unit&quot;:&quot;px&quot;,&quot;top&quot;:0,&quot;right&quot;:&quot;&quot;,&quot;bottom&quot;:0,&quot;left&quot;:&quot;&quot;,&quot;isLinked&quot;:true},&quot;she_padding_tablet&quot;:{&quot;unit&quot;:&quot;px&quot;,&quot;top&quot;:&quot;&quot;,&quot;right&quot;:&quot;&quot;,&quot;bottom&quot;:&quot;&quot;,&quot;left&quot;:&quot;&quot;,&quot;isLinked&quot;:true},&quot;she_padding_mobile&quot;:{&quot;unit&quot;:&quot;px&quot;,&quot;top&quot;:&quot;&quot;,&quot;right&quot;:&quot;&quot;,&quot;bottom&quot;:&quot;&quot;,&quot;left&quot;:&quot;&quot;,&quot;isLinked&quot;:true}}\">\n\t\t\t\t\t\t<div class=\"elementor-container elementor-column-gap-default\">\n\t\t\t\t\t<div class=\"elementor-column elementor-col-33 elementor-top-column elementor-element elementor-element-7e60a825\" data-id=\"7e60a825\" data-element_type=\"column\" data-e-type=\"column\">\n\t\t\t<div class=\"elementor-widget-wrap elementor-element-populated\">\n\t\t\t\t\t\t<div class=\"elementor-element elementor-element-555929c9 elementor-widget__width-initial wpr-logo-position-center elementor-widget elementor-widget-wpr-logo\" data-id=\"555929c9\" data-element_type=\"widget\" data-e-type=\"widget\" data-widget_type=\"wpr-logo.default\">\n\t\t\t\t<div class=\"elementor-widget-container\">\n\t\t\t\t\t\t\t\t\n\t\t\t<div class=\"wpr-logo elementor-clearfix\">\n\n\t\t\t\t\t\t\t\t<picture class=\"wpr-logo-image\">\n\t\t\t\t\t\n\t\t\t\t\t\t\t\t\t\t\n\t\t\t\t\t<img decoding=\"async\" src=\"https:\/\/kennelcoriolis.fi\/wp-content\/uploads\/2023\/07\/Artboard-4-1.png\" alt=\"\">\n\n\t\t\t\t\t\t\t\t\t\t\t<a class=\"wpr-logo-url\" rel=\"home\" aria-label=\"\" href=\"https:\/\/kennelcoriolis.fi\/\"><\/a>\n\t\t\t\t\t\t\t\t\t<\/picture>\n\t\t\t\t\n\t\t\t\t\n\t\t\t\t\t\t\t\t\t<a class=\"wpr-logo-url\" rel=\"home\" aria-label=\"\" href=\"https:\/\/kennelcoriolis.fi\/\"><\/a>\n\t\t\t\t\n\t\t\t<\/div>\n\t\t\t\t\n\t\t\t\t\t\t<\/div>\n\t\t\t\t<\/div>\n\t\t\t\t\t<\/div>\n\t\t<\/div>\n\t\t\t\t<div class=\"elementor-column elementor-col-66 elementor-top-column elementor-element elementor-element-7ba697f8\" data-id=\"7ba697f8\" data-element_type=\"column\" data-e-type=\"column\">\n\t\t\t<div class=\"elementor-widget-wrap elementor-element-populated\">\n\t\t\t\t\t\t<div class=\"elementor-element elementor-element-1731f37e wpr-main-menu-align-right wpr-main-menu-align--tabletright wpr-pointer-none wpr-nav-menu-bp-tablet wpr-mobile-menu-auto-width wpr-mobile-menu-drdown-align-right wpr-mobile-menu-item-align-right wpr-main-menu-align--mobileleft wpr-sub-icon-caret-down wpr-sub-menu-fx-fade wpr-mobile-toggle-v1 elementor-widget elementor-widget-wpr-nav-menu\" data-id=\"1731f37e\" data-element_type=\"widget\" data-e-type=\"widget\" data-settings=\"{&quot;menu_layout&quot;:&quot;horizontal&quot;}\" data-widget_type=\"wpr-nav-menu.default\">\n\t\t\t\t<div class=\"elementor-widget-container\">\n\t\t\t\t\t<nav class=\"wpr-nav-menu-container wpr-nav-menu-horizontal\" data-trigger=\"hover\" data-consider-header=\"\" data-scroll-speed=\"500\"><ul id=\"menu-1-1731f37e\" class=\"wpr-nav-menu\"><li class=\"menu-item menu-item-type-post_type menu-item-object-page menu-item-149\"><a href=\"https:\/\/kennelcoriolis.fi\/index.php\/esittely\/\" class=\"wpr-menu-item wpr-pointer-item\">Esittely<\/a><\/li>\n<li class=\"menu-item menu-item-type-post_type menu-item-object-page menu-item-has-children menu-item-161\"><a aria-haspopup=\"true\" aria-expanded=\"false\" href=\"https:\/\/kennelcoriolis.fi\/index.php\/koirat\/\" class=\"wpr-menu-item wpr-pointer-item\">Koiramme<i class=\"wpr-sub-icon fas\" aria-hidden=\"true\"><\/i><\/a>\n<ul class=\"sub-menu wpr-sub-menu\">\n\t<li class=\"menu-item menu-item-type-post_type menu-item-object-page menu-item-173\"><a href=\"https:\/\/kennelcoriolis.fi\/index.php\/koirat\/keke\/\" class=\"wpr-sub-menu-item\">\u2642 Keke<\/a><\/li>\n\t<li class=\"menu-item menu-item-type-post_type menu-item-object-page menu-item-176\"><a href=\"https:\/\/kennelcoriolis.fi\/index.php\/koirat\/ripa\/\" class=\"wpr-sub-menu-item\">\u2642 Ripa<\/a><\/li>\n\t<li class=\"menu-item menu-item-type-post_type menu-item-object-page menu-item-179\"><a href=\"https:\/\/kennelcoriolis.fi\/index.php\/koirat\/maj\/\" class=\"wpr-sub-menu-item\">\u2640 Maj<\/a><\/li>\n<\/ul>\n<\/li>\n<li class=\"menu-item menu-item-type-post_type menu-item-object-page menu-item-155\"><a href=\"https:\/\/kennelcoriolis.fi\/index.php\/suunnitelmat\/\" class=\"wpr-menu-item wpr-pointer-item\">Suunnitelmat<\/a><\/li>\n<li class=\"menu-item menu-item-type-post_type menu-item-object-page menu-item-152\"><a href=\"https:\/\/kennelcoriolis.fi\/index.php\/yhteystiedot\/\" class=\"wpr-menu-item wpr-pointer-item\">Yhteystiedot<\/a><\/li>\n<\/ul><\/nav><nav class=\"wpr-mobile-nav-menu-container\"><div class=\"wpr-mobile-toggle-wrap\"><div class=\"wpr-mobile-toggle\"><span class=\"wpr-mobile-toggle-line\"><\/span><span class=\"wpr-mobile-toggle-line\"><\/span><span class=\"wpr-mobile-toggle-line\"><\/span><\/div><\/div><ul id=\"mobile-menu-2-1731f37e\" class=\"wpr-mobile-nav-menu\"><li class=\"menu-item menu-item-type-post_type menu-item-object-page menu-item-149\"><a href=\"https:\/\/kennelcoriolis.fi\/index.php\/esittely\/\" class=\"wpr-mobile-menu-item\">Esittely<\/a><\/li>\n<li class=\"menu-item menu-item-type-post_type menu-item-object-page menu-item-has-children menu-item-161\"><a href=\"https:\/\/kennelcoriolis.fi\/index.php\/koirat\/\" class=\"wpr-mobile-menu-item\">Koiramme<\/a>\n<ul class=\"sub-menu wpr-sub-menu\">\n\t<li class=\"menu-item menu-item-type-post_type menu-item-object-page menu-item-173\"><a href=\"https:\/\/kennelcoriolis.fi\/index.php\/koirat\/keke\/\" class=\"wpr-mobile-sub-menu-item\">\u2642 Keke<\/a><\/li>\n\t<li class=\"menu-item menu-item-type-post_type menu-item-object-page menu-item-176\"><a href=\"https:\/\/kennelcoriolis.fi\/index.php\/koirat\/ripa\/\" class=\"wpr-mobile-sub-menu-item\">\u2642 Ripa<\/a><\/li>\n\t<li class=\"menu-item menu-item-type-post_type menu-item-object-page menu-item-179\"><a href=\"https:\/\/kennelcoriolis.fi\/index.php\/koirat\/maj\/\" class=\"wpr-mobile-sub-menu-item\">\u2640 Maj<\/a><\/li>\n<\/ul>\n<\/li>\n<li class=\"menu-item menu-item-type-post_type menu-item-object-page menu-item-155\"><a href=\"https:\/\/kennelcoriolis.fi\/index.php\/suunnitelmat\/\" class=\"wpr-mobile-menu-item\">Suunnitelmat<\/a><\/li>\n<li class=\"menu-item menu-item-type-post_type menu-item-object-page menu-item-152\"><a href=\"https:\/\/kennelcoriolis.fi\/index.php\/yhteystiedot\/\" class=\"wpr-mobile-menu-item\">Yhteystiedot<\/a><\/li>\n<\/ul><\/nav>\t\t\t\t<\/div>\n\t\t\t\t<\/div>\n\t\t\t\t\t<\/div>\n\t\t<\/div>\n\t\t\t\t\t<\/div>\n\t\t<\/section>\n\t\t<div class=\"elementor-element elementor-element-645e4fa e-con-full e-flex wpr-particle-no wpr-jarallax-no wpr-parallax-no wpr-sticky-section-no wpr-equal-height-no e-con e-parent\" data-id=\"645e4fa\" data-element_type=\"container\" data-e-type=\"container\" data-settings=\"{&quot;background_background&quot;:&quot;classic&quot;}\">\n\t\t\t\t<\/div>\n\t\t<div class=\"elementor-element elementor-element-87eb706 e-flex e-con-boxed wpr-particle-no wpr-jarallax-no wpr-parallax-no wpr-sticky-section-no wpr-equal-height-no e-con e-parent\" data-id=\"87eb706\" data-element_type=\"container\" data-e-type=\"container\">\n\t\t\t\t\t<div class=\"e-con-inner\">\n\t\t\t\t<div class=\"elementor-element elementor-element-de02856 elementor-widget elementor-widget-heading\" data-id=\"de02856\" data-element_type=\"widget\" data-e-type=\"widget\" data-widget_type=\"heading.default\">\n\t\t\t\t<div class=\"elementor-widget-container\">\n\t\t\t\t\t<h4 class=\"elementor-heading-title elementor-size-default\">Suunnitelmat<\/h4>\t\t\t\t<\/div>\n\t\t\t\t<\/div>\n\t\t\t\t<div class=\"elementor-element elementor-element-15047ca elementor-widget elementor-widget-text-editor\" data-id=\"15047ca\" data-element_type=\"widget\" data-e-type=\"widget\" data-widget_type=\"text-editor.default\">\n\t\t\t\t<div class=\"elementor-widget-container\">\n\t\t\t\t\t\t\t\t\t<p>Meill\u00e4 ei ole pentuesuunnitelmia.<\/p><p>Minulla on toiveissa sijoittaa aktiivisiin ja yhteisty\u00f6kykyisiin koteihin (sijaintina mielell\u00e4\u00e4n Uusimaa) pentu tai kaksi tulevien vuosien aikana. Jos olet kiinnostunut mahdollisesta sijoituskoirasta, ota yhteytt\u00e4: kennelcoriolis@gmail.com<\/p><p>\u00a0<\/p>\t\t\t\t\t\t\t\t<\/div>\n\t\t\t\t<\/div>\n\t\t\t\t\t<\/div>\n\t\t\t\t<\/div>\n\t\t\t\t<\/div>\n\t\t","protected":false},"excerpt":{"rendered":"<p>Esittely Koiramme \u2642 Keke \u2642 Ripa \u2640 Maj Suunnitelmat Yhteystiedot Esittely Koiramme \u2642 Keke \u2642 Ripa \u2640 Maj Suunnitelmat Yhteystiedot Suunnitelmat Meill\u00e4 ei ole pentuesuunnitelmia. Minulla on toiveissa sijoittaa aktiivisiin ja yhteisty\u00f6kykyisiin koteihin (sijaintina mielell\u00e4\u00e4n Uusimaa) pentu tai kaksi tulevien vuosien aikana. Jos olet kiinnostunut mahdollisesta sijoituskoirasta, ota yhteytt\u00e4: kennelcoriolis@gmail.com \u00a0<\/p>\n","protected":false},"author":1,"featured_media":0,"parent":0,"menu_order":0,"comment_status":"closed","ping_status":"closed","template":"","meta":{"two_page_speed":[],"footnotes":""},"class_list":["post-154","page","type-page","status-publish","hentry"],"yoast_head":"<!-- This site is optimized with the Yoast SEO plugin v25.6 - https:\/\/yoast.com\/wordpress\/plugins\/seo\/ -->\n<title>Suunnitelmat - Kennel Coriolis<\/title>\n<meta name=\"robots\" content=\"index, follow, max-snippet:-1, max-image-preview:large, max-video-preview:-1\" \/>\n<link rel=\"canonical\" href=\"https:\/\/kennelcoriolis.fi\/index.php\/suunnitelmat\/\" \/>\n<meta property=\"og:locale\" content=\"en_US\" \/>\n<meta property=\"og:type\" content=\"article\" \/>\n<meta property=\"og:title\" content=\"Suunnitelmat - Kennel Coriolis\" \/>\n<meta property=\"og:description\" content=\"Esittely Koiramme \u2642 Keke \u2642 Ripa \u2640 Maj Suunnitelmat Yhteystiedot Esittely Koiramme \u2642 Keke \u2642 Ripa \u2640 Maj Suunnitelmat Yhteystiedot Suunnitelmat Meill\u00e4 ei ole pentuesuunnitelmia. Minulla on toiveissa sijoittaa aktiivisiin ja yhteisty\u00f6kykyisiin koteihin (sijaintina mielell\u00e4\u00e4n Uusimaa) pentu tai kaksi tulevien vuosien aikana. Jos olet kiinnostunut mahdollisesta sijoituskoirasta, ota yhteytt\u00e4: kennelcoriolis@gmail.com \u00a0\" \/>\n<meta property=\"og:url\" content=\"https:\/\/kennelcoriolis.fi\/index.php\/suunnitelmat\/\" \/>\n<meta property=\"og:site_name\" content=\"Kennel Coriolis\" \/>\n<meta property=\"article:modified_time\" content=\"2024-09-21T15:37:31+00:00\" \/>\n<meta property=\"og:image\" content=\"https:\/\/kennelcoriolis.fi\/wp-content\/uploads\/2023\/07\/Artboard-4-1.png\" \/>\n<meta name=\"twitter:card\" content=\"summary_large_image\" \/>\n<meta name=\"twitter:label1\" content=\"Est. reading time\" \/>\n\t<meta name=\"twitter:data1\" content=\"1 minute\" \/>\n<script type=\"application\/ld+json\" class=\"yoast-schema-graph\">{\"@context\":\"https:\/\/schema.org\",\"@graph\":[{\"@type\":\"WebPage\",\"@id\":\"https:\/\/kennelcoriolis.fi\/index.php\/suunnitelmat\/\",\"url\":\"https:\/\/kennelcoriolis.fi\/index.php\/suunnitelmat\/\",\"name\":\"Suunnitelmat - Kennel Coriolis\",\"isPartOf\":{\"@id\":\"https:\/\/kennelcoriolis.fi\/#website\"},\"primaryImageOfPage\":{\"@id\":\"https:\/\/kennelcoriolis.fi\/index.php\/suunnitelmat\/#primaryimage\"},\"image\":{\"@id\":\"https:\/\/kennelcoriolis.fi\/index.php\/suunnitelmat\/#primaryimage\"},\"thumbnailUrl\":\"https:\/\/kennelcoriolis.fi\/wp-content\/uploads\/2023\/07\/Artboard-4-1.png\",\"datePublished\":\"2023-07-21T12:10:01+00:00\",\"dateModified\":\"2024-09-21T15:37:31+00:00\",\"breadcrumb\":{\"@id\":\"https:\/\/kennelcoriolis.fi\/index.php\/suunnitelmat\/#breadcrumb\"},\"inLanguage\":\"en\",\"potentialAction\":[{\"@type\":\"ReadAction\",\"target\":[\"https:\/\/kennelcoriolis.fi\/index.php\/suunnitelmat\/\"]}]},{\"@type\":\"ImageObject\",\"inLanguage\":\"en\",\"@id\":\"https:\/\/kennelcoriolis.fi\/index.php\/suunnitelmat\/#primaryimage\",\"url\":\"https:\/\/kennelcoriolis.fi\/wp-content\/uploads\/2023\/07\/Artboard-4-1.png\",\"contentUrl\":\"https:\/\/kennelcoriolis.fi\/wp-content\/uploads\/2023\/07\/Artboard-4-1.png\",\"width\":1001,\"height\":1001},{\"@type\":\"BreadcrumbList\",\"@id\":\"https:\/\/kennelcoriolis.fi\/index.php\/suunnitelmat\/#breadcrumb\",\"itemListElement\":[{\"@type\":\"ListItem\",\"position\":1,\"name\":\"Home\",\"item\":\"https:\/\/kennelcoriolis.fi\/\"},{\"@type\":\"ListItem\",\"position\":2,\"name\":\"Suunnitelmat\"}]},{\"@type\":\"WebSite\",\"@id\":\"https:\/\/kennelcoriolis.fi\/#website\",\"url\":\"https:\/\/kennelcoriolis.fi\/\",\"name\":\"Kennel Coriolis\",\"description\":\"White Swiss Shepherds\",\"publisher\":{\"@id\":\"https:\/\/kennelcoriolis.fi\/#organization\"},\"potentialAction\":[{\"@type\":\"SearchAction\",\"target\":{\"@type\":\"EntryPoint\",\"urlTemplate\":\"https:\/\/kennelcoriolis.fi\/?s={search_term_string}\"},\"query-input\":{\"@type\":\"PropertyValueSpecification\",\"valueRequired\":true,\"valueName\":\"search_term_string\"}}],\"inLanguage\":\"en\"},{\"@type\":\"Organization\",\"@id\":\"https:\/\/kennelcoriolis.fi\/#organization\",\"name\":\"Kennel Coriolis\",\"url\":\"https:\/\/kennelcoriolis.fi\/\",\"logo\":{\"@type\":\"ImageObject\",\"inLanguage\":\"en\",\"@id\":\"https:\/\/kennelcoriolis.fi\/#\/schema\/logo\/image\/\",\"url\":\"https:\/\/kennelcoriolis.fi\/wp-content\/uploads\/2023\/07\/Artboard-4-1.png\",\"contentUrl\":\"https:\/\/kennelcoriolis.fi\/wp-content\/uploads\/2023\/07\/Artboard-4-1.png\",\"width\":1001,\"height\":1001,\"caption\":\"Kennel Coriolis\"},\"image\":{\"@id\":\"https:\/\/kennelcoriolis.fi\/#\/schema\/logo\/image\/\"}}]}<\/script>\n<!-- \/ Yoast SEO plugin. -->","yoast_head_json":{"title":"Suunnitelmat - Kennel Coriolis","robots":{"index":"index","follow":"follow","max-snippet":"max-snippet:-1","max-image-preview":"max-image-preview:large","max-video-preview":"max-video-preview:-1"},"canonical":"https:\/\/kennelcoriolis.fi\/index.php\/suunnitelmat\/","og_locale":"en_US","og_type":"article","og_title":"Suunnitelmat - Kennel Coriolis","og_description":"Esittely Koiramme \u2642 Keke \u2642 Ripa \u2640 Maj Suunnitelmat Yhteystiedot Esittely Koiramme \u2642 Keke \u2642 Ripa \u2640 Maj Suunnitelmat Yhteystiedot Suunnitelmat Meill\u00e4 ei ole pentuesuunnitelmia. Minulla on toiveissa sijoittaa aktiivisiin ja yhteisty\u00f6kykyisiin koteihin (sijaintina mielell\u00e4\u00e4n Uusimaa) pentu tai kaksi tulevien vuosien aikana. Jos olet kiinnostunut mahdollisesta sijoituskoirasta, ota yhteytt\u00e4: kennelcoriolis@gmail.com \u00a0","og_url":"https:\/\/kennelcoriolis.fi\/index.php\/suunnitelmat\/","og_site_name":"Kennel Coriolis","article_modified_time":"2024-09-21T15:37:31+00:00","og_image":[{"url":"https:\/\/kennelcoriolis.fi\/wp-content\/uploads\/2023\/07\/Artboard-4-1.png","type":"","width":"","height":""}],"twitter_card":"summary_large_image","twitter_misc":{"Est. reading time":"1 minute"},"schema":{"@context":"https:\/\/schema.org","@graph":[{"@type":"WebPage","@id":"https:\/\/kennelcoriolis.fi\/index.php\/suunnitelmat\/","url":"https:\/\/kennelcoriolis.fi\/index.php\/suunnitelmat\/","name":"Suunnitelmat - Kennel Coriolis","isPartOf":{"@id":"https:\/\/kennelcoriolis.fi\/#website"},"primaryImageOfPage":{"@id":"https:\/\/kennelcoriolis.fi\/index.php\/suunnitelmat\/#primaryimage"},"image":{"@id":"https:\/\/kennelcoriolis.fi\/index.php\/suunnitelmat\/#primaryimage"},"thumbnailUrl":"https:\/\/kennelcoriolis.fi\/wp-content\/uploads\/2023\/07\/Artboard-4-1.png","datePublished":"2023-07-21T12:10:01+00:00","dateModified":"2024-09-21T15:37:31+00:00","breadcrumb":{"@id":"https:\/\/kennelcoriolis.fi\/index.php\/suunnitelmat\/#breadcrumb"},"inLanguage":"en","potentialAction":[{"@type":"ReadAction","target":["https:\/\/kennelcoriolis.fi\/index.php\/suunnitelmat\/"]}]},{"@type":"ImageObject","inLanguage":"en","@id":"https:\/\/kennelcoriolis.fi\/index.php\/suunnitelmat\/#primaryimage","url":"https:\/\/kennelcoriolis.fi\/wp-content\/uploads\/2023\/07\/Artboard-4-1.png","contentUrl":"https:\/\/kennelcoriolis.fi\/wp-content\/uploads\/2023\/07\/Artboard-4-1.png","width":1001,"height":1001},{"@type":"BreadcrumbList","@id":"https:\/\/kennelcoriolis.fi\/index.php\/suunnitelmat\/#breadcrumb","itemListElement":[{"@type":"ListItem","position":1,"name":"Home","item":"https:\/\/kennelcoriolis.fi\/"},{"@type":"ListItem","position":2,"name":"Suunnitelmat"}]},{"@type":"WebSite","@id":"https:\/\/kennelcoriolis.fi\/#website","url":"https:\/\/kennelcoriolis.fi\/","name":"Kennel Coriolis","description":"White Swiss Shepherds","publisher":{"@id":"https:\/\/kennelcoriolis.fi\/#organization"},"potentialAction":[{"@type":"SearchAction","target":{"@type":"EntryPoint","urlTemplate":"https:\/\/kennelcoriolis.fi\/?s={search_term_string}"},"query-input":{"@type":"PropertyValueSpecification","valueRequired":true,"valueName":"search_term_string"}}],"inLanguage":"en"},{"@type":"Organization","@id":"https:\/\/kennelcoriolis.fi\/#organization","name":"Kennel Coriolis","url":"https:\/\/kennelcoriolis.fi\/","logo":{"@type":"ImageObject","inLanguage":"en","@id":"https:\/\/kennelcoriolis.fi\/#\/schema\/logo\/image\/","url":"https:\/\/kennelcoriolis.fi\/wp-content\/uploads\/2023\/07\/Artboard-4-1.png","contentUrl":"https:\/\/kennelcoriolis.fi\/wp-content\/uploads\/2023\/07\/Artboard-4-1.png","width":1001,"height":1001,"caption":"Kennel Coriolis"},"image":{"@id":"https:\/\/kennelcoriolis.fi\/#\/schema\/logo\/image\/"}}]}},"featured_media_urls":[],"_links":{"self":[{"href":"https:\/\/kennelcoriolis.fi\/index.php\/wp-json\/wp\/v2\/pages\/154"}],"collection":[{"href":"https:\/\/kennelcoriolis.fi\/index.php\/wp-json\/wp\/v2\/pages"}],"about":[{"href":"https:\/\/kennelcoriolis.fi\/index.php\/wp-json\/wp\/v2\/types\/page"}],"author":[{"embeddable":true,"href":"https:\/\/kennelcoriolis.fi\/index.php\/wp-json\/wp\/v2\/users\/1"}],"replies":[{"embeddable":true,"href":"https:\/\/kennelcoriolis.fi\/index.php\/wp-json\/wp\/v2\/comments?post=154"}],"version-history":[{"count":52,"href":"https:\/\/kennelcoriolis.fi\/index.php\/wp-json\/wp\/v2\/pages\/154\/revisions"}],"predecessor-version":[{"id":1037,"href":"https:\/\/kennelcoriolis.fi\/index.php\/wp-json\/wp\/v2\/pages\/154\/revisions\/1037"}],"wp:attachment":[{"href":"https:\/\/kennelcoriolis.fi\/index.php\/wp-json\/wp\/v2\/media?parent=154"}],"curies":[{"name":"wp","href":"https:\/\/api.w.org\/{rel}","templated":true}]}}